{"id":7170,"date":"2023-11-02T09:16:27","date_gmt":"2023-11-02T08:16:27","guid":{"rendered":"https:\/\/vericatimplantologia.com\/accesibilidad-web\/"},"modified":"2024-03-21T15:38:49","modified_gmt":"2024-03-21T14:38:49","slug":"accesibilidad-web","status":"publish","type":"page","link":"https:\/\/vericatimplantologia.com\/fr\/accesibilidad-web\/","title":{"rendered":"Accessibilit\u00e9 du Web"},"content":{"rendered":"\n<h2 class=\"wp-block-heading\">Politique d\u2019accessibilit\u00e9<\/h2>\n\n\n\n<p>Vous trouverez ici des informations sur les directives d\u2019accessibilit\u00e9 appliqu\u00e9es aux contenus du site Web de Vericat Implantolog\u00eda, dans le but de rendre ses contenus accessibles aux personnes handicap\u00e9es et aux personnes \u00e2g\u00e9es, conform\u00e9ment aux dispositions de la loi espagnole sur les services de la soci\u00e9t\u00e9 de l\u2019information et le commerce \u00e9lectronique.<\/p>\n\n\n\n<h2 class=\"wp-block-heading\">D\u00e9claration de conformit\u00e9<\/h2>\n\n\n\n<p>Les sites Web doivent respecter les crit\u00e8res d\u2019accessibilit\u00e9 indiqu\u00e9s dans la norme UNE 139803:2012, en plus de satisfaire \u00e0 tous les points de contr\u00f4le de la priorit\u00e9 2 (niveau AA d\u2019ad\u00e9quation) d\u00e9finis dans la sp\u00e9cification WCAG (Web Content Accessibility Guidelines) 2.0 de la Web Accessibility Initiative (WAI) du World Wide Web Consortium (W3C).<\/p>\n\n\n\n<p>La Communaut\u00e9 s\u2019est engag\u00e9e \u00e0 fournir des outils web conviviaux et aussi accessibles que possible aux citoyens et \u00e0 garantir l\u2019acc\u00e8s universel \u00e0 l\u2019information.<\/p>\n\n\n\n<p>Les contenus publi\u00e9s sur ce portail doivent pouvoir \u00eatre consult\u00e9s et utilis\u00e9s ind\u00e9pendamment de tout type de circonstances personnelles (personnes souffrant d\u2019un handicap, diversit\u00e9 fonctionnelle, personnes \u00e2g\u00e9es) ou de limitations li\u00e9es \u00e0 l\u2019environnement ou au contexte d\u2019utilisation (appareil, vitesse de connexion, conditions environnementales). L\u2019interface de conception doit s\u2019adapter aux personnes, et non l\u2019inverse. Le contenu doit pouvoir \u00eatre pr\u00e9sent\u00e9 de mani\u00e8re transparente par des navigateurs sur plusieurs appareils ou tout autre type d\u2019outil d\u2019assistance.<\/p>\n\n\n\n<h3 class=\"wp-block-heading\">Nos lignes directrices en mati\u00e8re d\u2019accessibilit\u00e9<\/h3>\n\n\n\n<ul>\n<li>Conformit\u00e9 aux WCAG (Web Content Accessibility Guidelines) du W3C (World Wide Web Consortium), au niveau AA.<\/li>\n\n\n\n<li>V\u00e9rification de la conformit\u00e9 aux lignes directrices susmentionn\u00e9es au moyen du test d\u2019accessibilit\u00e9 du web (TAW).<\/li>\n\n\n\n<li>Audit de conformit\u00e9 p\u00e9riodique.<\/li>\n<\/ul>\n\n\n\n<h3 class=\"wp-block-heading\">Date de la derni\u00e8re r\u00e9vision<\/h3>\n\n\n\n<ul>\n<li>La derni\u00e8re r\u00e9vision de l\u2019accessibilit\u00e9 du portail <a href=\"https:\/\/vericatimplantologia.com\/\">https:\/\/vericatimplantologia.com\/<\/a>\u00a0a \u00e9t\u00e9 effectu\u00e9e en avril 2023.<\/li>\n\n\n\n<li>Web Content Accessibility Guidelines 2.0 \u00e0 l\u2019&nbsp;<a href=\"http:\/\/www.w3.org\/TR\/WCAG20\">adresse http:\/\/www.w3.org\/TR\/WCAG20<\/a>&nbsp;(\u00e9quivalent \u00e0 UNE 139803:2012)<\/li>\n\n\n\n<li>Niveau de conformit\u00e9 AA : des outils automatiques ont \u00e9t\u00e9 utilis\u00e9s pour v\u00e9rifier l\u2019accessibilit\u00e9 de la page et les erreurs ont \u00e9t\u00e9 corrig\u00e9es (des outils tels que TAW, examiner et W3C Validator g\u00e9n\u00e8rent certains probl\u00e8mes avec les pages HTML5 avec RDFa et metatags).<\/li>\n<\/ul>\n\n\n\n<h3 class=\"wp-block-heading\">Contenus non accessibles<\/h3>\n\n\n\n<p>Ce portail contient des contenus intrins\u00e8quement inaccessibles, tels que des cartes, mais dans tous les cas, nous avons essay\u00e9 de proposer une alternative accessible :<\/p>\n\n\n\n<ul>\n<li>Les cartes ne sont pas accessibles. Des solutions ont \u00e9t\u00e9 propos\u00e9es pour pallier ce probl\u00e8me, telles que des listes d\u2019adresses alternatives aux cartes, le marquage des adresses \u00e0 l\u2019aide d\u2019\u00e9tiquettes sp\u00e9ciales, etc.<\/li>\n\n\n\n<li>Des fonctionnalit\u00e9s du web s\u00e9mantique ont \u00e9t\u00e9 introduites et g\u00e9n\u00e8rent de fausses erreurs avec certains validateurs.<\/li>\n\n\n\n<li>Ic\u00f4nes qui aident l\u2019utilisateur \u00e0 mieux comprendre le contenu d\u2019un coup d\u2019\u0153il, mais qui ne sont pas lisibles.<\/li>\n<\/ul>\n\n\n\n<p>Remarque\u00a0: Cette d\u00e9claration de conformit\u00e9 concerne toutes les pages situ\u00e9es dans le domaine\u00a0<a href=\"https:\/\/vericatimplantologiainmediata.com\/\">https:\/\/vericatimplantologia.com\/<\/a>\u00a0\u00e0 l\u2019exclusion des pages auxquelles m\u00e8nent les liens externes et du contenu incorpor\u00e9 provenant d\u2019autres domaines.<\/p>\n\n\n\n<h2 class=\"wp-block-heading\">Suggestions<\/h2>\n\n\n\n<p>Le portail <a href=\"https:\/\/vericatimplantologia.com\/\">https:\/\/vericatimplantologia.com\/<\/a>\u00a0se veut aussi accessible et utilisable que possible. Il a \u00e9t\u00e9 con\u00e7u conform\u00e9ment aux normes et r\u00e9glementations en vigueur en mati\u00e8re d\u2019accessibilit\u00e9. Le site Web fait l\u2019objet de r\u00e9visions r\u00e9guli\u00e8res afin de garantir le maintien du niveau d\u2019accessibilit\u00e9 engag\u00e9.<\/p>\n\n\n\n<p>Dans tous les cas, il est possible que vous trouviez des pages ou des contenus qui ne soient pas enti\u00e8rement conformes \u00e0 ces normes, car les contenus font l\u2019objet d\u2019une r\u00e9vision permanente \u00e0 des fins de mise \u00e0 jour et d\u2019am\u00e9lioration.<\/p>\n\n\n\n<p>Nous vous invitons \u00e0 nous faire part de vos suggestions pour rendre ce portail de plus en plus accessible. Pour toute suggestion d\u2019am\u00e9lioration ou erreur que vous souhaitez signaler, vous pouvez utiliser nos coordonn\u00e9es et nous en faire part :<\/p>\n\n\n\n<p><a href=\"https:\/\/vericatimplantologia.com\/#formulario-wrapper-footer\">Aller au contact<\/a><\/p>\n\n\n\n<h3 class=\"wp-block-heading\">Taille du texte<\/h3>\n\n\n\n<p>La taille des polices peut \u00eatre contr\u00f4l\u00e9e et dimensionn\u00e9e \u00e0 partir du navigateur lui-m\u00eame.<\/p>\n\n\n\n<p>La mani\u00e8re d\u2019acc\u00e9der \u00e0 cette personnalisation varie d\u2019un navigateur \u00e0 l\u2019autre et d\u2019une plateforme \u00e0 l\u2019autre, l\u2019option \u00e9tant disponible \u00e0 diff\u00e9rents endroits du menu.<\/p>\n\n\n\n<p>Les listes suivantes indiquent la route \u00e0 suivre dans les navigateurs les plus r\u00e9pandus qui permettent cette fonctionnalit\u00e9 :<\/p>\n\n\n\n<p>Sous&nbsp;Linux&nbsp;et&nbsp;Windows :<\/p>\n\n\n\n<ul>\n<li>Zoom avant : appuyez sur CTRL +<\/li>\n\n\n\n<li>Zoom arri\u00e8re : appuyer sur CTRL &#8211;<\/li>\n\n\n\n<li>R\u00e9tablir la taille d\u2019origine : appuyer sur CTRL 0 (sauf dans Internet Explorer)<\/li>\n<\/ul>\n\n\n\n<p>Sur&nbsp;Mac :<\/p>\n\n\n\n<ul>\n<li>Zoom avant : appuyer sur COMMANDE +<\/li>\n\n\n\n<li>Zoom arri\u00e8re : appuyer sur COMMANDE &#8211;<\/li>\n\n\n\n<li>Remise au format original : appuyer sur COMMANDE 0<\/li>\n\n\n\n<li>Pour modifier la taille du texte, utilisez les commandes du navigateur.<\/li>\n<\/ul>\n\n\n\n<p>Internet Explorer : Dans la barre de menus, s\u00e9lectionnez Affichage &gt; Zoom &gt; Zoom avant ou Zoom arri\u00e8re, ou s\u00e9lectionnez un pourcentage.<\/p>\n\n\n\n<p>Firefox : Dans la barre de menus, s\u00e9lectionnez Affichage &gt; Zoom sur le texte uniquement, puis s\u00e9lectionnez Zoom avant ou Zoom arri\u00e8re dans le m\u00eame menu. Seule la taille du texte change, les autres \u00e9l\u00e9ments de la page restant inchang\u00e9s. Si vous souhaitez modifier tous les \u00e9l\u00e9ments de la page, d\u00e9s\u00e9lectionnez Zoom texte uniquement et s\u00e9lectionnez Affichage &gt; Zoom avant ou Zoom arri\u00e8re. S\u00e9lectionnez R\u00e9initialiser pour r\u00e9tablir la taille d\u2019origine de la vue.<\/p>\n\n\n\n<p>Safari : Dans la barre de menus, s\u00e9lectionnez Affichage &gt; Zoom avant\/Zoom arri\u00e8re texte uniquement, puis s\u00e9lectionnez Zoom avant ou Zoom arri\u00e8re dans le m\u00eame menu. Seule la taille du texte change, les autres \u00e9l\u00e9ments de la page restant inchang\u00e9s. Si vous souhaitez modifier tous les \u00e9l\u00e9ments de la page, d\u00e9s\u00e9lectionnez Zoom avant\/Zoom arri\u00e8re uniquement le texte et s\u00e9lectionnez Affichage &gt; Zoom avant ou Zoom arri\u00e8re. S\u00e9lectionnez Taille r\u00e9elle pour r\u00e9tablir la taille d\u2019origine de la vue.<\/p>\n\n\n\n<p>Google Chrome : Dans la barre de menus, s\u00e9lectionnez Vue &gt; Zoom avant ou Zoom arri\u00e8re. S\u00e9lectionnez Taille r\u00e9elle pour r\u00e9tablir la taille d\u2019origine de la vue.<\/p>\n\n\n\n<p>Vous pouvez \u00e9galement utiliser notre bouton d\u2019accessibilit\u00e9 flottant pour ajuster la taille, la police et les couleurs du texte.<\/p>\n\n\n\n<h2 class=\"wp-block-heading\">Caract\u00e9ristiques techniques<\/h2>\n\n\n\n<p>Les mesures suivantes ont notamment \u00e9t\u00e9 prises :<\/p>\n\n\n\n<ul>\n<li>Le langage utilis\u00e9, la structure du contenu et les informations de base sont simples et coh\u00e9rents et facilement compr\u00e9hensibles par les personnes.<\/li>\n\n\n\n<li>Utilisation du code (X)HTML pour cr\u00e9er des documents standard. Le contenu est marqu\u00e9 par des balises, qui fournissent des informations contextuelles et permettent \u00e0 l\u2019utilisateur de diff\u00e9rencier les titres, les sections, les paragraphes, les listes, etc.<\/li>\n\n\n\n<li>Le positionnement du contenu se fait \u00e0 l\u2019aide de feuilles de style en cascade CSS. Ces pr\u00e9misses standard marquent et permettent de s\u00e9parer la structure et la pr\u00e9sentation du contenu de mani\u00e8re ad\u00e9quate. Cette proc\u00e9dure garantit la compatibilit\u00e9 avec les diff\u00e9rents navigateurs et appareils, permettant ainsi l\u2019utilisation de technologies d\u2019assistance \u00e0 la navigation.<\/li>\n\n\n\n<li>Une taille de police lisible a \u00e9t\u00e9 utilis\u00e9e. Il a \u00e9t\u00e9 v\u00e9rifi\u00e9 que les textes sont suffisamment contrast\u00e9s par rapport aux couleurs d\u2019arri\u00e8re-plan. La taille de la police et les nuances de couleurs s\u00e9lectionn\u00e9es peuvent \u00eatre modifi\u00e9es \u00e0 l\u2019aide des outils fournis par chaque navigateur.&nbsp;Vous pouvez \u00e9galement utiliser notre bouton d\u2019accessibilit\u00e9 flottant pour ajuster la taille, la police et les couleurs du texte.<\/li>\n\n\n\n<li>Les images, \u00e0 l\u2019exception de celles de nature d\u00e9corative, ont une description alternative. Les images sont obligatoirement accompagn\u00e9es d\u2019un texte alternatif afin d\u2019offrir une alternative aux personnes qui n\u2019ont pas acc\u00e8s au contenu graphique.<\/li>\n\n\n\n<li>Alternatives fonctionnelles pour les utilisateurs dont le Javascript est d\u00e9sactiv\u00e9. Les effets Javascript, Ajax, etc. ne cachent pas d\u2019informations et ne bloquent pas l\u2019acc\u00e8s \u00e0 ceux qui utilisent des navigateurs qui ne supportent pas ces technologies.<\/li>\n\n\n\n<li>L\u2019utilisation de fen\u00eatres pop-up abusives est \u00e9vit\u00e9e.<\/li>\n\n\n\n<li>L\u2019utilisation d\u2019images anim\u00e9es et de flashs est \u00e9vit\u00e9e et, dans les situations o\u00f9 leur utilisation est essentielle, les fonctionnalit\u00e9s n\u00e9cessaires sont fournies pour pouvoir arr\u00eater le mouvement.<\/li>\n\n\n\n<li>L\u2019utilisation de la couleur pour donner du sens au contenu est \u00e9vit\u00e9e.<\/li>\n\n\n\n<li>Les tons de couleur qui ont \u00e9t\u00e9 pr\u00e9c\u00e9demment valid\u00e9s dans les algorithmes de contraste de couleur texte\/arri\u00e8re-plan des WCAG2 sont utilis\u00e9s.<\/li>\n\n\n\n<li>Les liens fournissent des d\u00e9tails sur la destination de l\u2019hyperlien. La navigation doit \u00eatre simple. Les liens doivent \u00eatre informatifs et r\u00e9pondre exactement aux attentes des utilisateurs.<\/li>\n\n\n\n<li>Un syst\u00e8me de gestion de contenu (WordPress) est utilis\u00e9 pour aider \u00e0 maintenir l\u2019accessibilit\u00e9 du contenu au fil du temps.<\/li>\n<\/ul>\n","protected":false},"excerpt":{"rendered":"<p>Politique d\u2019accessibilit\u00e9 Vous trouverez ici des informations sur les directives d\u2019accessibilit\u00e9 appliqu\u00e9es aux contenus du site Web de Vericat Implantolog\u00eda, dans le but de rendre ses contenus accessibles aux personnes handicap\u00e9es et aux personnes \u00e2g\u00e9es, conform\u00e9ment aux dispositions de la loi espagnole sur les services de la soci\u00e9t\u00e9 de l\u2019information et le commerce \u00e9lectronique. D\u00e9claration [&hellip;]<\/p>\n","protected":false},"author":3,"featured_media":0,"parent":0,"menu_order":0,"comment_status":"closed","ping_status":"closed","template":"","meta":{"_acf_changed":false,"content-type":"","inline_featured_image":false,"site-sidebar-layout":"default","site-content-layout":"","ast-site-content-layout":"default","site-content-style":"default","site-sidebar-style":"default","ast-global-header-display":"","ast-banner-title-visibility":"","ast-main-header-display":"","ast-hfb-above-header-display":"","ast-hfb-below-header-display":"","ast-hfb-mobile-header-display":"","site-post-title":"","ast-breadcrumbs-content":"","ast-featured-img":"","footer-sml-layout":"","theme-transparent-header-meta":"","adv-header-id-meta":"","stick-header-meta":"","header-above-stick-meta":"","header-main-stick-meta":"","header-below-stick-meta":"","astra-migrate-meta-layouts":"set","ast-page-background-enabled":"default","ast-page-background-meta":{"desktop":{"background-color":"var(--ast-global-color-4)","background-image":"","background-repeat":"repeat","background-position":"center center","background-size":"auto","background-attachment":"scroll","background-type":"","background-media":"","overlay-type":"","overlay-color":"","overlay-gradient":""},"tablet":{"background-color":"","background-image":"","background-repeat":"repeat","background-position":"center center","background-size":"auto","background-attachment":"scroll","background-type":"","background-media":"","overlay-type":"","overlay-color":"","overlay-gradient":""},"mobile":{"background-color":"","background-image":"","background-repeat":"repeat","background-position":"center center","background-size":"auto","background-attachment":"scroll","background-type":"","background-media":"","overlay-type":"","overlay-color":"","overlay-gradient":""}},"ast-content-background-meta":{"desktop":{"background-color":"var(--ast-global-color-5)","background-image":"","background-repeat":"repeat","background-position":"center center","background-size":"auto","background-attachment":"scroll","background-type":"","background-media":"","overlay-type":"","overlay-color":"","overlay-gradient":""},"tablet":{"background-color":"var(--ast-global-color-5)","background-image":"","background-repeat":"repeat","background-position":"center center","background-size":"auto","background-attachment":"scroll","background-type":"","background-media":"","overlay-type":"","overlay-color":"","overlay-gradient":""},"mobile":{"background-color":"var(--ast-global-color-5)","background-image":"","background-repeat":"repeat","background-position":"center center","background-size":"auto","background-attachment":"scroll","background-type":"","background-media":"","overlay-type":"","overlay-color":"","overlay-gradient":""}},"_joinchat":[],"footnotes":""},"acf":[],"yoast_head":"<!-- This site is optimized with the Yoast SEO plugin v22.6 - https:\/\/yoast.com\/wordpress\/plugins\/seo\/ -->\n<title>Accessibilit\u00e9 du Web - Vericat Implantolog\u00eda<\/title>\n<meta name=\"robots\" content=\"index, follow, max-snippet:-1, max-image-preview:large, max-video-preview:-1\" \/>\n<link rel=\"canonical\" href=\"https:\/\/vericatimplantologia.com\/fr\/accesibilidad-web\/\" \/>\n<meta property=\"og:locale\" content=\"fr_FR\" \/>\n<meta property=\"og:type\" content=\"article\" \/>\n<meta property=\"og:title\" content=\"Accessibilit\u00e9 du Web - Vericat Implantolog\u00eda\" \/>\n<meta property=\"og:description\" content=\"Politique d\u2019accessibilit\u00e9 Vous trouverez ici des informations sur les directives d\u2019accessibilit\u00e9 appliqu\u00e9es aux contenus du site Web de Vericat Implantolog\u00eda, dans le but de rendre ses contenus accessibles aux personnes handicap\u00e9es et aux personnes \u00e2g\u00e9es, conform\u00e9ment aux dispositions de la loi espagnole sur les services de la soci\u00e9t\u00e9 de l\u2019information et le commerce \u00e9lectronique. D\u00e9claration [&hellip;]\" \/>\n<meta property=\"og:url\" content=\"https:\/\/vericatimplantologia.com\/fr\/accesibilidad-web\/\" \/>\n<meta property=\"og:site_name\" content=\"Vericat Implantolog\u00eda\" \/>\n<meta property=\"article:publisher\" content=\"https:\/\/www.facebook.com\/vericatimplantologia\" \/>\n<meta property=\"article:modified_time\" content=\"2024-03-21T14:38:49+00:00\" \/>\n<meta name=\"twitter:card\" content=\"summary_large_image\" \/>\n<meta name=\"twitter:label1\" content=\"Dur\u00e9e de lecture estim\u00e9e\" \/>\n\t<meta name=\"twitter:data1\" content=\"6 minutes\" \/>\n<script type=\"application\/ld+json\" class=\"yoast-schema-graph\">{\"@context\":\"https:\/\/schema.org\",\"@graph\":[{\"@type\":\"WebPage\",\"@id\":\"https:\/\/vericatimplantologia.com\/fr\/accesibilidad-web\/\",\"url\":\"https:\/\/vericatimplantologia.com\/fr\/accesibilidad-web\/\",\"name\":\"Accessibilit\u00e9 du Web - Vericat Implantolog\u00eda\",\"isPartOf\":{\"@id\":\"https:\/\/vericatimplantologia.com\/#website\"},\"datePublished\":\"2023-11-02T08:16:27+00:00\",\"dateModified\":\"2024-03-21T14:38:49+00:00\",\"breadcrumb\":{\"@id\":\"https:\/\/vericatimplantologia.com\/fr\/accesibilidad-web\/#breadcrumb\"},\"inLanguage\":\"fr-FR\",\"potentialAction\":[{\"@type\":\"ReadAction\",\"target\":[\"https:\/\/vericatimplantologia.com\/fr\/accesibilidad-web\/\"]}]},{\"@type\":\"BreadcrumbList\",\"@id\":\"https:\/\/vericatimplantologia.com\/fr\/accesibilidad-web\/#breadcrumb\",\"itemListElement\":[{\"@type\":\"ListItem\",\"position\":1,\"name\":\"Portada\",\"item\":\"https:\/\/vericatimplantologia.com\/fr\/\"},{\"@type\":\"ListItem\",\"position\":2,\"name\":\"Accessibilit\u00e9 du Web\"}]},{\"@type\":\"WebSite\",\"@id\":\"https:\/\/vericatimplantologia.com\/#website\",\"url\":\"https:\/\/vericatimplantologia.com\/\",\"name\":\"Vericat Implantolog\u00eda\",\"description\":\"\",\"publisher\":{\"@id\":\"https:\/\/vericatimplantologia.com\/#organization\"},\"potentialAction\":[{\"@type\":\"SearchAction\",\"target\":{\"@type\":\"EntryPoint\",\"urlTemplate\":\"https:\/\/vericatimplantologia.com\/?s={search_term_string}\"},\"query-input\":\"required name=search_term_string\"}],\"inLanguage\":\"fr-FR\"},{\"@type\":\"Organization\",\"@id\":\"https:\/\/vericatimplantologia.com\/#organization\",\"name\":\"Vericat Implantolog\u00eda\",\"url\":\"https:\/\/vericatimplantologia.com\/\",\"logo\":{\"@type\":\"ImageObject\",\"inLanguage\":\"fr-FR\",\"@id\":\"https:\/\/vericatimplantologia.com\/#\/schema\/logo\/image\/\",\"url\":\"https:\/\/vericatimplantologia.com\/wp-content\/uploads\/2025\/01\/logo-vericat-implantologia-1.png\",\"contentUrl\":\"https:\/\/vericatimplantologia.com\/wp-content\/uploads\/2025\/01\/logo-vericat-implantologia-1.png\",\"width\":644,\"height\":302,\"caption\":\"Vericat Implantolog\u00eda\"},\"image\":{\"@id\":\"https:\/\/vericatimplantologia.com\/#\/schema\/logo\/image\/\"},\"sameAs\":[\"https:\/\/www.facebook.com\/vericatimplantologia\"]}]}<\/script>\n<!-- \/ Yoast SEO plugin. -->","yoast_head_json":{"title":"Accessibilit\u00e9 du Web - Vericat Implantolog\u00eda","robots":{"index":"index","follow":"follow","max-snippet":"max-snippet:-1","max-image-preview":"max-image-preview:large","max-video-preview":"max-video-preview:-1"},"canonical":"https:\/\/vericatimplantologia.com\/fr\/accesibilidad-web\/","og_locale":"fr_FR","og_type":"article","og_title":"Accessibilit\u00e9 du Web - Vericat Implantolog\u00eda","og_description":"Politique d\u2019accessibilit\u00e9 Vous trouverez ici des informations sur les directives d\u2019accessibilit\u00e9 appliqu\u00e9es aux contenus du site Web de Vericat Implantolog\u00eda, dans le but de rendre ses contenus accessibles aux personnes handicap\u00e9es et aux personnes \u00e2g\u00e9es, conform\u00e9ment aux dispositions de la loi espagnole sur les services de la soci\u00e9t\u00e9 de l\u2019information et le commerce \u00e9lectronique. D\u00e9claration [&hellip;]","og_url":"https:\/\/vericatimplantologia.com\/fr\/accesibilidad-web\/","og_site_name":"Vericat Implantolog\u00eda","article_publisher":"https:\/\/www.facebook.com\/vericatimplantologia","article_modified_time":"2024-03-21T14:38:49+00:00","twitter_card":"summary_large_image","twitter_misc":{"Dur\u00e9e de lecture estim\u00e9e":"6 minutes"},"schema":{"@context":"https:\/\/schema.org","@graph":[{"@type":"WebPage","@id":"https:\/\/vericatimplantologia.com\/fr\/accesibilidad-web\/","url":"https:\/\/vericatimplantologia.com\/fr\/accesibilidad-web\/","name":"Accessibilit\u00e9 du Web - Vericat Implantolog\u00eda","isPartOf":{"@id":"https:\/\/vericatimplantologia.com\/#website"},"datePublished":"2023-11-02T08:16:27+00:00","dateModified":"2024-03-21T14:38:49+00:00","breadcrumb":{"@id":"https:\/\/vericatimplantologia.com\/fr\/accesibilidad-web\/#breadcrumb"},"inLanguage":"fr-FR","potentialAction":[{"@type":"ReadAction","target":["https:\/\/vericatimplantologia.com\/fr\/accesibilidad-web\/"]}]},{"@type":"BreadcrumbList","@id":"https:\/\/vericatimplantologia.com\/fr\/accesibilidad-web\/#breadcrumb","itemListElement":[{"@type":"ListItem","position":1,"name":"Portada","item":"https:\/\/vericatimplantologia.com\/fr\/"},{"@type":"ListItem","position":2,"name":"Accessibilit\u00e9 du Web"}]},{"@type":"WebSite","@id":"https:\/\/vericatimplantologia.com\/#website","url":"https:\/\/vericatimplantologia.com\/","name":"Vericat Implantolog\u00eda","description":"","publisher":{"@id":"https:\/\/vericatimplantologia.com\/#organization"},"potentialAction":[{"@type":"SearchAction","target":{"@type":"EntryPoint","urlTemplate":"https:\/\/vericatimplantologia.com\/?s={search_term_string}"},"query-input":"required name=search_term_string"}],"inLanguage":"fr-FR"},{"@type":"Organization","@id":"https:\/\/vericatimplantologia.com\/#organization","name":"Vericat Implantolog\u00eda","url":"https:\/\/vericatimplantologia.com\/","logo":{"@type":"ImageObject","inLanguage":"fr-FR","@id":"https:\/\/vericatimplantologia.com\/#\/schema\/logo\/image\/","url":"https:\/\/vericatimplantologia.com\/wp-content\/uploads\/2025\/01\/logo-vericat-implantologia-1.png","contentUrl":"https:\/\/vericatimplantologia.com\/wp-content\/uploads\/2025\/01\/logo-vericat-implantologia-1.png","width":644,"height":302,"caption":"Vericat Implantolog\u00eda"},"image":{"@id":"https:\/\/vericatimplantologia.com\/#\/schema\/logo\/image\/"},"sameAs":["https:\/\/www.facebook.com\/vericatimplantologia"]}]}},"_links":{"self":[{"href":"https:\/\/vericatimplantologia.com\/fr\/wp-json\/wp\/v2\/pages\/7170"}],"collection":[{"href":"https:\/\/vericatimplantologia.com\/fr\/wp-json\/wp\/v2\/pages"}],"about":[{"href":"https:\/\/vericatimplantologia.com\/fr\/wp-json\/wp\/v2\/types\/page"}],"author":[{"embeddable":true,"href":"https:\/\/vericatimplantologia.com\/fr\/wp-json\/wp\/v2\/users\/3"}],"replies":[{"embeddable":true,"href":"https:\/\/vericatimplantologia.com\/fr\/wp-json\/wp\/v2\/comments?post=7170"}],"version-history":[{"count":1,"href":"https:\/\/vericatimplantologia.com\/fr\/wp-json\/wp\/v2\/pages\/7170\/revisions"}],"predecessor-version":[{"id":7610,"href":"https:\/\/vericatimplantologia.com\/fr\/wp-json\/wp\/v2\/pages\/7170\/revisions\/7610"}],"wp:attachment":[{"href":"https:\/\/vericatimplantologia.com\/fr\/wp-json\/wp\/v2\/media?parent=7170"}],"curies":[{"name":"wp","href":"https:\/\/api.w.org\/{rel}","templated":true}]}}